{"id":1463,"date":"2025-10-30T18:21:55","date_gmt":"2025-10-30T18:21:55","guid":{"rendered":"https:\/\/domovtech.com\/?page_id=1463"},"modified":"2025-10-30T19:39:50","modified_gmt":"2025-10-30T19:39:50","slug":"home","status":"publish","type":"page","link":"https:\/\/domovtech.com\/","title":{"rendered":"Home"},"content":{"rendered":"\t\t<div data-elementor-type=\"wp-post\" data-elementor-id=\"1463\" class=\"elementor elementor-1463\" data-elementor-post-type=\"page\">\n\t\t\t\t<div class=\"elementor-element elementor-element-8bcd764 e-flex e-con-boxed elementor-invisible e-con e-parent\" data-id=\"8bcd764\" data-element_type=\"container\" data-settings=\"{&quot;background_background&quot;:&quot;classic&quot;,&quot;animation&quot;:&quot;fadeIn&quot;}\">\n\t\t\t\t\t<div class=\"e-con-inner\">\n\t\t<div class=\"elementor-element elementor-element-3211a19 e-con-full e-flex e-con e-child\" data-id=\"3211a19\" data-element_type=\"container\">\n\t\t\t\t<div class=\"elementor-element elementor-element-5e9b6ee elementor-invisible elementor-widget elementor-widget-heading\" data-id=\"5e9b6ee\" data-element_type=\"widget\" data-settings=\"{&quot;_animation&quot;:&quot;fadeInUp&quot;}\" data-widget_type=\"heading.default\">\n\t\t\t\t<div class=\"elementor-widget-container\">\n\t\t\t\t\t<h1 class=\"elementor-heading-title elementor-size-default\">DomovTech<\/h1>\t\t\t\t<\/div>\n\t\t\t\t<\/div>\n\t\t\t\t<div class=\"elementor-element elementor-element-68cc8a5 elementor-invisible elementor-widget elementor-widget-text-editor\" data-id=\"68cc8a5\" data-element_type=\"widget\" data-settings=\"{&quot;_animation&quot;:&quot;fadeInUp&quot;}\" data-widget_type=\"text-editor.default\">\n\t\t\t\t<div class=\"elementor-widget-container\">\n\t\t\t\t\t\t\t\t\t<p><strong>Va\u0161a elektroin\u0161tal\u00e1cia, fotovoltaika, klimatiz\u00e1cie \u010di smart dom\u00e1cnos\u0165 s\u00fa v t\u00fdch najlep\u0161\u00edch ruk\u00e1ch jedine u n\u00e1s!<\/strong><\/p>\t\t\t\t\t\t\t\t<\/div>\n\t\t\t\t<\/div>\n\t\t\t\t<\/div>\n\t\t\t\t\t<\/div>\n\t\t\t\t<\/div>\n\t\t<div class=\"elementor-element elementor-element-3445653 e-flex e-con-boxed e-con e-parent\" data-id=\"3445653\" data-element_type=\"container\" data-settings=\"{&quot;background_background&quot;:&quot;classic&quot;}\">\n\t\t\t\t\t<div class=\"e-con-inner\">\n\t\t<div class=\"elementor-element elementor-element-a2a0548 e-con-full e-flex e-con e-child\" data-id=\"a2a0548\" data-element_type=\"container\">\n\t\t\t\t<div class=\"elementor-element elementor-element-d8b0325 elementor-widget elementor-widget-heading\" data-id=\"d8b0325\" data-element_type=\"widget\" data-widget_type=\"heading.default\">\n\t\t\t\t<div class=\"elementor-widget-container\">\n\t\t\t\t\t<h2 class=\"elementor-heading-title elementor-size-default\">Na\u0161e slu\u017eby<\/h2>\t\t\t\t<\/div>\n\t\t\t\t<\/div>\n\t\t\t\t<div class=\"elementor-element elementor-element-eeed392 elementor-widget elementor-widget-text-editor\" data-id=\"eeed392\" data-element_type=\"widget\" data-widget_type=\"text-editor.default\">\n\t\t\t\t<div class=\"elementor-widget-container\">\n\t\t\t\t\t\t\t\t\t<p><strong>U n\u00e1s si vyberiete zo \u0161irok\u00e9ho spektra t\u00fdch najkvalitnej\u0161\u00edch slu\u017eieb!<\/strong><\/p>\t\t\t\t\t\t\t\t<\/div>\n\t\t\t\t<\/div>\n\t\t\t\t<\/div>\n\t\t<div class=\"elementor-element elementor-element-ef722fb e-con-full e-flex e-con e-child\" data-id=\"ef722fb\" data-element_type=\"container\">\n\t\t<div class=\"elementor-element elementor-element-b9c5d57 e-con-full e-flex e-con e-child\" data-id=\"b9c5d57\" data-element_type=\"container\" data-settings=\"{&quot;background_background&quot;:&quot;classic&quot;}\">\n\t\t\t\t<div class=\"elementor-element elementor-element-361ad45 elementor-widget elementor-widget-heading\" data-id=\"361ad45\" data-element_type=\"widget\" data-widget_type=\"heading.default\">\n\t\t\t\t<div class=\"elementor-widget-container\">\n\t\t\t\t\t<h3 class=\"elementor-heading-title elementor-size-default\">Kamery<\/h3>\t\t\t\t<\/div>\n\t\t\t\t<\/div>\n\t\t\t\t<\/div>\n\t\t<div class=\"elementor-element elementor-element-c7e050f e-con-full e-flex e-con e-child\" data-id=\"c7e050f\" data-element_type=\"container\" data-settings=\"{&quot;background_background&quot;:&quot;classic&quot;}\">\n\t\t\t\t<div class=\"elementor-element elementor-element-cffc8eb elementor-widget elementor-widget-heading\" data-id=\"cffc8eb\" data-element_type=\"widget\" data-widget_type=\"heading.default\">\n\t\t\t\t<div class=\"elementor-widget-container\">\n\t\t\t\t\t<h3 class=\"elementor-heading-title elementor-size-default\">Klimatiz\u00e1cie<\/h3>\t\t\t\t<\/div>\n\t\t\t\t<\/div>\n\t\t\t\t<\/div>\n\t\t<div class=\"elementor-element elementor-element-5e54ada e-con-full e-flex e-con e-child\" data-id=\"5e54ada\" data-element_type=\"container\" data-settings=\"{&quot;background_background&quot;:&quot;classic&quot;}\">\n\t\t\t\t<div class=\"elementor-element elementor-element-1be371a elementor-widget elementor-widget-heading\" data-id=\"1be371a\" data-element_type=\"widget\" data-widget_type=\"heading.default\">\n\t\t\t\t<div class=\"elementor-widget-container\">\n\t\t\t\t\t<h3 class=\"elementor-heading-title elementor-size-default\">Elektroin\u0161tal\u00e1cie<\/h3>\t\t\t\t<\/div>\n\t\t\t\t<\/div>\n\t\t\t\t<\/div>\n\t\t\t\t<\/div>\n\t\t\t\t\t<\/div>\n\t\t\t\t<\/div>\n\t\t<div class=\"elementor-element elementor-element-9c9b504 e-flex e-con-boxed e-con e-parent\" data-id=\"9c9b504\" data-element_type=\"container\" data-settings=\"{&quot;background_background&quot;:&quot;classic&quot;}\">\n\t\t\t\t\t<div class=\"e-con-inner\">\n\t\t<div class=\"elementor-element elementor-element-9a81c62 e-con-full e-flex e-con e-child\" data-id=\"9a81c62\" data-element_type=\"container\">\n\t\t<div class=\"elementor-element elementor-element-1d87e07 e-con-full e-flex e-con e-child\" data-id=\"1d87e07\" data-element_type=\"container\">\n\t\t\t\t<div class=\"elementor-element elementor-element-44f8a9c elementor-widget elementor-widget-heading\" data-id=\"44f8a9c\" data-element_type=\"widget\" data-widget_type=\"heading.default\">\n\t\t\t\t<div class=\"elementor-widget-container\">\n\t\t\t\t\t<h2 class=\"elementor-heading-title elementor-size-default\">Na\u0161e pr\u00e1ce<\/h2>\t\t\t\t<\/div>\n\t\t\t\t<\/div>\n\t\t\t\t<\/div>\n\t\t\t\t<\/div>\n\t\t\t\t\t<\/div>\n\t\t\t\t<\/div>\n\t\t<div class=\"elementor-element elementor-element-b514957 e-flex e-con-boxed e-con e-parent\" data-id=\"b514957\" data-element_type=\"container\" data-settings=\"{&quot;background_background&quot;:&quot;classic&quot;}\">\n\t\t\t\t\t<div class=\"e-con-inner\">\n\t\t<div class=\"elementor-element elementor-element-fdc1402 e-con-full e-flex e-con e-child\" data-id=\"fdc1402\" data-element_type=\"container\">\n\t\t\t\t<div class=\"elementor-element elementor-element-05e349d elementor-widget elementor-widget-heading\" data-id=\"05e349d\" data-element_type=\"widget\" data-widget_type=\"heading.default\">\n\t\t\t\t<div class=\"elementor-widget-container\">\n\t\t\t\t\t<h2 class=\"elementor-heading-title elementor-size-default\">Kontakt<\/h2>\t\t\t\t<\/div>\n\t\t\t\t<\/div>\n\t\t<div class=\"elementor-element elementor-element-8df416d e-con-full e-grid e-con e-child\" data-id=\"8df416d\" data-element_type=\"container\">\n\t\t\t\t<div class=\"elementor-element elementor-element-430d756 elementor-widget elementor-widget-google_maps\" data-id=\"430d756\" data-element_type=\"widget\" data-widget_type=\"google_maps.default\">\n\t\t\t\t<div class=\"elementor-widget-container\">\n\t\t\t\t\t\t\t<div class=\"elementor-custom-embed\">\n\t\t\t<iframe loading=\"lazy\"\n\t\t\t\t\tsrc=\"https:\/\/maps.google.com\/maps?q=Van%C4%8Durova%20Trnava&#038;t=m&#038;z=15&#038;output=embed&#038;iwloc=near\"\n\t\t\t\t\ttitle=\"Van\u010durova Trnava\"\n\t\t\t\t\taria-label=\"Van\u010durova Trnava\"\n\t\t\t><\/iframe>\n\t\t<\/div>\n\t\t\t\t\t\t<\/div>\n\t\t\t\t<\/div>\n\t\t\t\t<div class=\"elementor-element elementor-element-54824d1 elementor-widget elementor-widget-text-editor\" data-id=\"54824d1\" data-element_type=\"widget\" data-widget_type=\"text-editor.default\">\n\t\t\t\t<div class=\"elementor-widget-container\">\n\t\t\t\t\t\t\t\t\t<p><strong>DomovTech s.r.o.<\/strong><\/p><p>Van\u010durova, 917 01 Trnava<\/p><p>I\u010cO: 12345678<\/p><p>DI\u010c: 2122300000<\/p><p>I\u010c DPH: SK2122300000<\/p>\t\t\t\t\t\t\t\t<\/div>\n\t\t\t\t<\/div>\n\t\t\t\t<\/div>\n\t\t\t\t<\/div>\n\t\t\t\t\t<\/div>\n\t\t\t\t<\/div>\n\t\t\t\t<\/div>\n\t\t","protected":false},"excerpt":{"rendered":"<p>DomovTech Va\u0161a elektroin\u0161tal\u00e1cia, fotovoltaika, klimatiz\u00e1cie \u010di smart dom\u00e1cnos\u0165 s\u00fa v t\u00fdch najlep\u0161\u00edch ruk\u00e1ch jedine u n\u00e1s! Na\u0161e slu\u017eby U n\u00e1s si vyberiete zo \u0161irok\u00e9ho spektra t\u00fdch najkvalitnej\u0161\u00edch slu\u017eieb! Kamery Klimatiz\u00e1cie Elektroin\u0161tal\u00e1cie Na\u0161e pr\u00e1ce Kontakt DomovTech s.r.o. Van\u010durova, 917 01 Trnava I\u010cO: 12345678 DI\u010c: 2122300000 I\u010c DPH: SK2122300000<\/p>\n","protected":false},"author":1,"featured_media":0,"parent":0,"menu_order":0,"comment_status":"closed","ping_status":"open","template":"","meta":{"site-sidebar-layout":"no-sidebar","site-content-layout":"page-builder","ast-site-content-layout":"full-width-container","site-content-style":"unboxed","site-sidebar-style":"unboxed","ast-global-header-display":"","ast-banner-title-visibility":"","ast-main-header-display":"","ast-hfb-above-header-display":"","ast-hfb-below-header-display":"","ast-hfb-mobile-header-display":"","site-post-title":"disabled","ast-breadcrumbs-content":"","ast-featured-img":"disabled","footer-sml-layout":"","theme-transparent-header-meta":"enabled","adv-header-id-meta":"","stick-header-meta":"","header-above-stick-meta":"","header-main-stick-meta":"","header-below-stick-meta":"","astra-migrate-meta-layouts":"set","ast-page-background-enabled":"default","ast-page-background-meta":{"desktop":{"background-color":"","background-image":"","background-repeat":"repeat","background-position":"center center","background-size":"auto","background-attachment":"scroll","background-type":"","background-media":"","overlay-type":"","overlay-color":"","overlay-opacity":"","overlay-gradient":""},"tablet":{"background-color":"","background-image":"","background-repeat":"repeat","background-position":"center center","background-size":"auto","background-attachment":"scroll","background-type":"","background-media":"","overlay-type":"","overlay-color":"","overlay-opacity":"","overlay-gradient":""},"mobile":{"background-color":"","background-image":"","background-repeat":"repeat","background-position":"center center","background-size":"auto","background-attachment":"scroll","background-type":"","background-media":"","overlay-type":"","overlay-color":"","overlay-opacity":"","overlay-gradient":""}},"ast-content-background-meta":{"desktop":{"background-color":"var(--ast-global-color-5)","background-image":"","background-repeat":"repeat","background-position":"center center","background-size":"auto","background-attachment":"scroll","background-type":"","background-media":"","overlay-type":"","overlay-color":"","overlay-opacity":"","overlay-gradient":""},"tablet":{"background-color":"var(--ast-global-color-5)","background-image":"","background-repeat":"repeat","background-position":"center center","background-size":"auto","background-attachment":"scroll","background-type":"","background-media":"","overlay-type":"","overlay-color":"","overlay-opacity":"","overlay-gradient":""},"mobile":{"background-color":"var(--ast-global-color-5)","background-image":"","background-repeat":"repeat","background-position":"center center","background-size":"auto","background-attachment":"scroll","background-type":"","background-media":"","overlay-type":"","overlay-color":"","overlay-opacity":"","overlay-gradient":""}},"footnotes":""},"class_list":["post-1463","page","type-page","status-publish","hentry"],"_links":{"self":[{"href":"https:\/\/domovtech.com\/index.php?rest_route=\/wp\/v2\/pages\/1463","targetHints":{"allow":["GET"]}}],"collection":[{"href":"https:\/\/domovtech.com\/index.php?rest_route=\/wp\/v2\/pages"}],"about":[{"href":"https:\/\/domovtech.com\/index.php?rest_route=\/wp\/v2\/types\/page"}],"author":[{"embeddable":true,"href":"https:\/\/domovtech.com\/index.php?rest_route=\/wp\/v2\/users\/1"}],"replies":[{"embeddable":true,"href":"https:\/\/domovtech.com\/index.php?rest_route=%2Fwp%2Fv2%2Fcomments&post=1463"}],"version-history":[{"count":22,"href":"https:\/\/domovtech.com\/index.php?rest_route=\/wp\/v2\/pages\/1463\/revisions"}],"predecessor-version":[{"id":2573,"href":"https:\/\/domovtech.com\/index.php?rest_route=\/wp\/v2\/pages\/1463\/revisions\/2573"}],"wp:attachment":[{"href":"https:\/\/domovtech.com\/index.php?rest_route=%2Fwp%2Fv2%2Fmedia&parent=1463"}],"curies":[{"name":"wp","href":"https:\/\/api.w.org\/{rel}","templated":true}]}}